{"id":6665,"date":"2020-04-14T19:44:22","date_gmt":"2020-04-14T17:44:22","guid":{"rendered":"https:\/\/www.skyclimber.at\/?page_id=6665"},"modified":"2025-03-20T10:56:37","modified_gmt":"2025-03-20T09:56:37","slug":"impressum","status":"publish","type":"page","link":"https:\/\/www.skyclimber.it\/it\/impressum\/","title":{"rendered":"Impressum"},"content":{"rendered":"<section  class='av_textblock_section av-k907y226-c935e2ec13c9662ee0cfed1add13d5e5 '   itemscope=\"itemscope\" itemtype=\"https:\/\/schema.org\/CreativeWork\" ><div class='avia_textblock'  itemprop=\"text\" ><h1>Impressum<\/h1>\n<p class=\"bodytext\">Questo sito \u00e8 il sito ufficiale di:<\/p>\n<p class=\"bodytext\">SKYclimber s.a.s. di Engels Thomas &amp; C.<br \/>\nVia E. Taroli, 25010 Tremosine (BS), Italien<\/p>\n<p class=\"bodytext\">Tel: +39 \u2013 348 &#8211; 199 7 199<br \/>\nMail: <a href=\"mailto:mail@skyclimber.it\">mail@skyclimber.it<\/a><\/p>\n<p class=\"bodytext\">Part IVA : 038 883 209 87<\/p>\n<p class=\"bodytext\">Codice destinatario: T9K4ZHO<\/p>\n<p>PEC: skyclimbersas@legalmail.it<\/p>\n<p>Copyright foto: <a href=\"https:\/\/www.skyclimber.it\/\">SKYclimber<\/a><br \/>\nProgettazione e realizzazione tecnica: <a href=\"https:\/\/www.fomx.at\/\">FOMX<\/a><\/p>\n<p>&#8220;<strong>SKYclimber &#8211; the outdoor fun specialists<\/strong>&#8221; \u00e8 un marchio registrato e non pu\u00f2 essere utilizzato senza previa autorizzazione!<\/p>\n<p><strong>Si prega di notare:<\/strong><br \/>\nContenuto dell&#8217;offerta online: L&#8217;autore si riserva il diritto di non essere responsabile dell&#8217;attualit\u00e0, della correttezza, della completezza o della qualit\u00e0 delle informazioni fornite. Le rivendicazioni di responsabilit\u00e0 nei confronti dell&#8217;autore, che si riferiscono a danni materiali o morali, che sono stati causati dall&#8217;utilizzo o dal mancato utilizzo delle informazioni fornite o dall&#8217;utilizzo di informazioni errate e incomplete, sono escluse in linea di principio, a condizione che non vi sia alcuna colpa intenzionale o gravemente negligente dimostrabile da parte dell&#8217;autore. Tutte le offerte sono soggette a modifiche e non sono vincolanti. L&#8217;autore si riserva espressamente il diritto di modificare, integrare o cancellare parti delle pagine o l&#8217;intera offerta senza preavviso o di interrompere temporaneamente o definitivamente la pubblicazione.<\/p>\n<p>Riferimenti e link: L&#8217;autore non \u00e8 responsabile di alcun contenuto collegato o a cui si fa riferimento dalle sue pagine &#8211; a meno che non sia a conoscenza di contenuti illegali e sia in grado di impedire ai visitatori del suo sito di visualizzare tali pagine. L&#8217;autore non ha alcuna influenza sulla struttura attuale e futura, sui contenuti e sulla paternit\u00e0 delle pagine collegate. Pertanto, egli prende espressamente le distanze da tutti i contenuti di tutte le pagine collegate che sono state modificate dopo l&#8217;impostazione del link. Questa dichiarazione vale per tutti i link e i riferimenti inseriti all&#8217;interno dell&#8217;offerta Internet dell&#8217;autore, nonch\u00e9 per le voci esterne nei libri degli ospiti, nei forum di discussione, negli elenchi di link, nelle mailing list e in tutte le altre forme di banche dati create dall&#8217;autore, ai cui contenuti \u00e8 possibile accedere in scrittura dall&#8217;esterno. Per contenuti illegali, errati o incompleti e in particolare per danni derivanti dall&#8217;utilizzo o dal mancato utilizzo di tali informazioni, \u00e8 responsabile esclusivamente il fornitore della pagina a cui si fa riferimento, non la persona che si limita a rimandare alla rispettiva pubblicazione tramite link.<\/p>\n<p>Diritto d&#8217;autore e diritto dei marchi: L&#8217;autore si impegna a rispettare i diritti d&#8217;autore delle grafiche, dei documenti sonori, delle sequenze video e dei testi utilizzati in tutte le pubblicazioni, a utilizzare grafiche, documenti sonori, sequenze video e testi creati da lui stesso o a utilizzare grafiche, documenti sonori, sequenze video e testi non soggetti a licenza. Tutti i marchi di fabbrica e i marchi di fabbrica menzionati nell&#8217;offerta Internet e, se del caso, protetti da terzi sono soggetti senza limitazioni alle disposizioni del diritto dei marchi rispettivamente valido e ai diritti di propriet\u00e0 dei rispettivi proprietari registrati. La semplice menzione di un marchio non implica che esso non sia protetto da diritti di terzi! Il copyright per gli oggetti pubblicati creati dall&#8217;autore stesso rimane di propriet\u00e0 esclusiva dell&#8217;autore delle pagine. Non \u00e8 consentita la duplicazione o l&#8217;utilizzo di oggetti come diagrammi, suoni o testi in altre pubblicazioni elettroniche o stampate senza il consenso dell&#8217;autore.<\/p>\n<h3>Condizioni generali di contratto 2025<\/h3>\n<p class=\"bodytext\"><a href=\"https:\/\/www.skyclimber.it\/wp-content\/uploads\/2023\/12\/AGB_2024_italiano.pdf\" target=\"_blank\" rel=\"noopener\">Il formatto PDF con le condizioni generali di contratto lo potete trovare qui&#8230;<\/a><\/p>\n<p>Tutti i testi sono protetti da copyright.<\/p>\n<p>Fonte: <a href=\"https:\/\/www.adsimple.at\/datenschutz-generator\/\">Informativa sulla privacy<\/a>\u00a0Informativa sulla privacy creata con il generatore di protezione dei dati di AdSimple<\/p>\n<\/div><\/section>\n","protected":false},"excerpt":{"rendered":"","protected":false},"author":1,"featured_media":0,"parent":0,"menu_order":1000,"comment_status":"closed","ping_status":"closed","template":"","meta":{"footnotes":""},"class_list":["post-6665","page","type-page","status-publish","hentry"],"yoast_head":"<!-- This site is optimized with the Yoast SEO Premium plugin v27.0 (Yoast SEO v27.0) - https:\/\/yoast.com\/product\/yoast-seo-premium-wordpress\/ -->\n<title>Impressum - Skyclimber<\/title>\n<meta name=\"robots\" content=\"index, follow, max-snippet:-1, max-image-preview:large, max-video-preview:-1\" \/>\n<link rel=\"canonical\" href=\"https:\/\/www.skyclimber.it\/it\/impressum\/\" \/>\n<meta property=\"og:locale\" content=\"it_IT\" \/>\n<meta property=\"og:type\" content=\"article\" \/>\n<meta property=\"og:title\" content=\"Impressum\" \/>\n<meta property=\"og:url\" content=\"https:\/\/www.skyclimber.it\/it\/impressum\/\" \/>\n<meta property=\"og:site_name\" content=\"Skyclimber\" \/>\n<meta property=\"article:publisher\" content=\"https:\/\/www.facebook.com\/SKYclimber.Italien\/\" \/>\n<meta property=\"article:modified_time\" content=\"2025-03-20T09:56:37+00:00\" \/>\n<meta name=\"twitter:card\" content=\"summary_large_image\" \/>\n<meta name=\"twitter:label1\" content=\"Tempo di lettura stimato\" \/>\n\t<meta name=\"twitter:data1\" content=\"3 minuti\" \/>\n<script type=\"application\/ld+json\" class=\"yoast-schema-graph\">{\"@context\":\"https:\/\/schema.org\",\"@graph\":[{\"@type\":\"WebPage\",\"@id\":\"https:\/\/www.skyclimber.it\/it\/impressum\/\",\"url\":\"https:\/\/www.skyclimber.it\/it\/impressum\/\",\"name\":\"Impressum - Skyclimber\",\"isPartOf\":{\"@id\":\"https:\/\/www.skyclimber.it\/it\/#website\"},\"datePublished\":\"2020-04-14T17:44:22+00:00\",\"dateModified\":\"2025-03-20T09:56:37+00:00\",\"breadcrumb\":{\"@id\":\"https:\/\/www.skyclimber.it\/it\/impressum\/#breadcrumb\"},\"inLanguage\":\"it-IT\",\"potentialAction\":[{\"@type\":\"ReadAction\",\"target\":[\"https:\/\/www.skyclimber.it\/it\/impressum\/\"]}]},{\"@type\":\"BreadcrumbList\",\"@id\":\"https:\/\/www.skyclimber.it\/it\/impressum\/#breadcrumb\",\"itemListElement\":[{\"@type\":\"ListItem\",\"position\":1,\"name\":\"Start\",\"item\":\"https:\/\/www.skyclimber.it\/it\/homepage\/\"},{\"@type\":\"ListItem\",\"position\":2,\"name\":\"Impressum\"}]},{\"@type\":\"WebSite\",\"@id\":\"https:\/\/www.skyclimber.it\/it\/#website\",\"url\":\"https:\/\/www.skyclimber.it\/it\/\",\"name\":\"Skyclimber\",\"description\":\"the outdoor fun specialist\",\"publisher\":{\"@id\":\"https:\/\/www.skyclimber.it\/it\/#organization\"},\"potentialAction\":[{\"@type\":\"SearchAction\",\"target\":{\"@type\":\"EntryPoint\",\"urlTemplate\":\"https:\/\/www.skyclimber.it\/it\/?s={search_term_string}\"},\"query-input\":{\"@type\":\"PropertyValueSpecification\",\"valueRequired\":true,\"valueName\":\"search_term_string\"}}],\"inLanguage\":\"it-IT\"},{\"@type\":\"Organization\",\"@id\":\"https:\/\/www.skyclimber.it\/it\/#organization\",\"name\":\"SKYclimber\",\"url\":\"https:\/\/www.skyclimber.it\/it\/\",\"logo\":{\"@type\":\"ImageObject\",\"inLanguage\":\"it-IT\",\"@id\":\"https:\/\/www.skyclimber.it\/it\/#\/schema\/logo\/image\/\",\"url\":\"https:\/\/www.skyclimber.it\/wp-content\/uploads\/2020\/01\/logo-300x229-1.png\",\"contentUrl\":\"https:\/\/www.skyclimber.it\/wp-content\/uploads\/2020\/01\/logo-300x229-1.png\",\"width\":547,\"height\":365,\"caption\":\"SKYclimber\"},\"image\":{\"@id\":\"https:\/\/www.skyclimber.it\/it\/#\/schema\/logo\/image\/\"},\"sameAs\":[\"https:\/\/www.facebook.com\/SKYclimber.Italien\/\",\"https:\/\/www.instagram.com\/skyclimber_outdoorsport_italy\/\",\"https:\/\/www.skyclimberitalien.tumblr.com\"]}]}<\/script>\n<!-- \/ Yoast SEO Premium plugin. -->","yoast_head_json":{"title":"Impressum - Skyclimber","robots":{"index":"index","follow":"follow","max-snippet":"max-snippet:-1","max-image-preview":"max-image-preview:large","max-video-preview":"max-video-preview:-1"},"canonical":"https:\/\/www.skyclimber.it\/it\/impressum\/","og_locale":"it_IT","og_type":"article","og_title":"Impressum","og_url":"https:\/\/www.skyclimber.it\/it\/impressum\/","og_site_name":"Skyclimber","article_publisher":"https:\/\/www.facebook.com\/SKYclimber.Italien\/","article_modified_time":"2025-03-20T09:56:37+00:00","twitter_card":"summary_large_image","twitter_misc":{"Tempo di lettura stimato":"3 minuti"},"schema":{"@context":"https:\/\/schema.org","@graph":[{"@type":"WebPage","@id":"https:\/\/www.skyclimber.it\/it\/impressum\/","url":"https:\/\/www.skyclimber.it\/it\/impressum\/","name":"Impressum - Skyclimber","isPartOf":{"@id":"https:\/\/www.skyclimber.it\/it\/#website"},"datePublished":"2020-04-14T17:44:22+00:00","dateModified":"2025-03-20T09:56:37+00:00","breadcrumb":{"@id":"https:\/\/www.skyclimber.it\/it\/impressum\/#breadcrumb"},"inLanguage":"it-IT","potentialAction":[{"@type":"ReadAction","target":["https:\/\/www.skyclimber.it\/it\/impressum\/"]}]},{"@type":"BreadcrumbList","@id":"https:\/\/www.skyclimber.it\/it\/impressum\/#breadcrumb","itemListElement":[{"@type":"ListItem","position":1,"name":"Start","item":"https:\/\/www.skyclimber.it\/it\/homepage\/"},{"@type":"ListItem","position":2,"name":"Impressum"}]},{"@type":"WebSite","@id":"https:\/\/www.skyclimber.it\/it\/#website","url":"https:\/\/www.skyclimber.it\/it\/","name":"Skyclimber","description":"the outdoor fun specialist","publisher":{"@id":"https:\/\/www.skyclimber.it\/it\/#organization"},"potentialAction":[{"@type":"SearchAction","target":{"@type":"EntryPoint","urlTemplate":"https:\/\/www.skyclimber.it\/it\/?s={search_term_string}"},"query-input":{"@type":"PropertyValueSpecification","valueRequired":true,"valueName":"search_term_string"}}],"inLanguage":"it-IT"},{"@type":"Organization","@id":"https:\/\/www.skyclimber.it\/it\/#organization","name":"SKYclimber","url":"https:\/\/www.skyclimber.it\/it\/","logo":{"@type":"ImageObject","inLanguage":"it-IT","@id":"https:\/\/www.skyclimber.it\/it\/#\/schema\/logo\/image\/","url":"https:\/\/www.skyclimber.it\/wp-content\/uploads\/2020\/01\/logo-300x229-1.png","contentUrl":"https:\/\/www.skyclimber.it\/wp-content\/uploads\/2020\/01\/logo-300x229-1.png","width":547,"height":365,"caption":"SKYclimber"},"image":{"@id":"https:\/\/www.skyclimber.it\/it\/#\/schema\/logo\/image\/"},"sameAs":["https:\/\/www.facebook.com\/SKYclimber.Italien\/","https:\/\/www.instagram.com\/skyclimber_outdoorsport_italy\/","https:\/\/www.skyclimberitalien.tumblr.com"]}]}},"_links":{"self":[{"href":"https:\/\/www.skyclimber.it\/it\/wp-json\/wp\/v2\/pages\/6665","targetHints":{"allow":["GET"]}}],"collection":[{"href":"https:\/\/www.skyclimber.it\/it\/wp-json\/wp\/v2\/pages"}],"about":[{"href":"https:\/\/www.skyclimber.it\/it\/wp-json\/wp\/v2\/types\/page"}],"author":[{"embeddable":true,"href":"https:\/\/www.skyclimber.it\/it\/wp-json\/wp\/v2\/users\/1"}],"replies":[{"embeddable":true,"href":"https:\/\/www.skyclimber.it\/it\/wp-json\/wp\/v2\/comments?post=6665"}],"version-history":[{"count":12,"href":"https:\/\/www.skyclimber.it\/it\/wp-json\/wp\/v2\/pages\/6665\/revisions"}],"predecessor-version":[{"id":11998,"href":"https:\/\/www.skyclimber.it\/it\/wp-json\/wp\/v2\/pages\/6665\/revisions\/11998"}],"wp:attachment":[{"href":"https:\/\/www.skyclimber.it\/it\/wp-json\/wp\/v2\/media?parent=6665"}],"curies":[{"name":"wp","href":"https:\/\/api.w.org\/{rel}","templated":true}]}}